{"id":20043,"date":"2024-11-14T21:56:31","date_gmt":"2024-11-14T21:56:31","guid":{"rendered":"https:\/\/www-preprod.reteleelectrice.ro\/connection-to-the-grid\/spor-putere\/"},"modified":"2025-10-10T13:19:30","modified_gmt":"2025-10-10T13:19:30","slug":"power-supplementation","status":"publish","type":"page","link":"https:\/\/www-preprod.reteleelectrice.ro\/en\/connection-to-the-grid\/power-supplementation\/","title":{"rendered":"Power supplementation"},"content":{"rendered":"<body><section id=\"\" class=\"block-hero\">\n                    <div class=\"top-hero\">\n                <div class=\"left\">\n                                                                                    <h1 class=\"title-hero\">Request a power supplementation for higher energy consumption.<\/h1>\n                                                                <div class=\"text-hero\"> Request a power supplementation from your electricity distributor if you need to consume more electricity.<\/div>\n                                                        <\/div>\n                        <div class=\"right\">\n                <img loading=\"lazy\" decoding=\"async\" width=\"920\" height=\"400\" src=\"https:\/\/www-preprod.reteleelectrice.ro\/wp-content\/uploads\/solicita-un-spor-de-putere-pentru-un-consum-crescut-de-energie_5f2b9a.webp?w=920&amp;h=400&amp;crop=1\" class=\"attachment-hero size-hero\" alt=\"Ma\u0219in\u0103 electric\u0103 galben\u0103 \u00een curs de \u00eenc\u0103rcare acas\u0103.\" srcset=\"https:\/\/www-preprod.reteleelectrice.ro\/wp-content\/uploads\/solicita-un-spor-de-putere-pentru-un-consum-crescut-de-energie_5f2b9a.webp 920w, https:\/\/www-preprod.reteleelectrice.ro\/wp-content\/uploads\/solicita-un-spor-de-putere-pentru-un-consum-crescut-de-energie_5f2b9a.webp?resize=300,130 300w, https:\/\/www-preprod.reteleelectrice.ro\/wp-content\/uploads\/solicita-un-spor-de-putere-pentru-un-consum-crescut-de-energie_5f2b9a.webp?resize=768,334 768w, https:\/\/www-preprod.reteleelectrice.ro\/wp-content\/uploads\/solicita-un-spor-de-putere-pentru-un-consum-crescut-de-energie_5f2b9a.webp?resize=152,66 152w\" sizes=\"auto, (max-width: 920px) 100vw, 920px\">                <style type=\"text\/css\">\n                    @media only screen and (max-width: 1200px) {\n                        .block-hero .top-hero .main-slide .right img {\n                            object-position:\n                                                            % 0%;\n                        }\n                    }\n                <\/style>\n            <\/div>\n        <\/div>\n    <\/section>\n\n\n<section id=\"\" class=\"block-breadcrumbs\">\n    <ul id=\"breadcrumbs\" itemprop=\"breadcrumb\" class=\"breadcrumbs\"><li><a rel=\"home\" href=\"https:\/\/www-preprod.reteleelectrice.ro\/en\/\"><\/a><\/li><\/ul><\/section>\n\n\n<div style=\"height:16px\" aria-hidden=\"true\" class=\"wp-block-spacer\"><\/div>\n\n\n\n<div class=\"wp-block-columns is-layout-flex wp-container-core-columns-is-layout-28f84493 wp-block-columns-is-layout-flex\">\n<div class=\"wp-block-column is-layout-flow wp-block-column-is-layout-flow\" style=\"flex-basis:66.66%\">\n<p>A power supplementation means an upgrade from the approved power stated in the technical grid connection approval (ATR) or the existing connection certificate. A power supplementation is necessary if you have multiple household appliances that you cannot use simultaneously. Or if you buy an electric car and want to have a charging station in your home garage. Or if you\u2019ve discovered a new passion and start building various objects using high-power-consuming tools. You can request a power supplementation whether you are a residential consumer, a producer, a real estate developer, or a prosumer.<\/p>\n\n\n\n<div style=\"height:16px\" aria-hidden=\"true\" class=\"wp-block-spacer\"><\/div>\n\n\n\n<p>Before requesting a power supplementation, we recommend checking the approved power (the maximum simultaneous power that can be absorbed) at your desired consumption place, as stated in the ATR or connection to the power grid certificate. Then, calculate the total power of all the energy consumers. To find out the cumulative power, use the table <a href=\"https:\/\/www-preprod.reteleelectrice.ro\/wp-content\/uploads\/ghid-completare-cerere-chestionar.pdf?_gl=1*1rgpg8v*_ga*NDc0NzU4OTQ2LjE3NTgxNzY4MDQ.*_ga_PMHB7Y23DZ*czE3NjAxMDIxMjkkbzE4JGcwJHQxNzYwMTAyMTI5JGo2MCRsMCRoMA..\" target=\"_blank\" rel=\"noreferrer noopener\">here<\/a>.<\/p>\n<\/div>\n<\/div>\n\n\n\n<div style=\"height:32px\" aria-hidden=\"true\" class=\"wp-block-spacer\"><\/div>\n\n\n<section id=\"\" class=\"block-customcolumns \">\n    <div class=\"column-blocks\">\n\n<div class=\"wp-block-columns is-layout-flex wp-container-core-columns-is-layout-28f84493 wp-block-columns-is-layout-flex\">\n<div class=\"wp-block-column is-layout-flow wp-block-column-is-layout-flow\" style=\"flex-basis:33.3%\"><section id=\"\" class=\"block-textbanner\">\n    <div class=\"column-blocks\">\n\n<h2 class=\"wp-block-heading\" id=\"h-request-a-power-supplementation-without-modifying-the-connection-installation\"><strong>Request a power supplementation without modifying the connection installation<\/strong><\/h2>\n\n\n\n<p><\/p>\n\n\n\n<div class=\"wp-block-button global-button-box is-style-fill global-button-custom\"><a class=\"wp-block-button__link wp-element-button\" href=\"https:\/\/www-preprod.reteleelectrice.ro\/en\/connection-to-the-grid\/power-supplementation\/without-modifying-the-installation\/\">Find out more<\/a><\/div>\n\n<\/div>\n<\/section><\/div>\n\n\n\n<div class=\"wp-block-column is-layout-flow wp-block-column-is-layout-flow\" style=\"flex-basis:33.3%\"><section id=\"\" class=\"block-textbanner\">\n    <div class=\"column-blocks\">\n\n<h2 class=\"wp-block-heading\" id=\"h-request-a-power-supplementation-with-connection-installation-modifications\"><strong>Request a power supplementation with connection installation modifications<\/strong><\/h2>\n\n\n\n<p><\/p>\n\n\n\n<div class=\"wp-block-button global-button-box is-style-fill global-button-custom\"><a class=\"wp-block-button__link wp-element-button\" href=\"https:\/\/www-preprod.reteleelectrice.ro\/en\/connection-to-the-grid\/power-supplementation\/modification-of-the-installation\/\">Find out more<\/a><\/div>\n\n<\/div>\n<\/section><\/div>\n<\/div>\n\n<\/div>\n<\/section>\n\n\n<div style=\"height:16px\" aria-hidden=\"true\" class=\"wp-block-spacer\"><\/div>\n\n\n\n<p><\/p>\n<\/body>","protected":false},"excerpt":{"rendered":"<p>Request a power supplementation from your electricity distributor if you need to consume more electricity.<\/p>\n","protected":false},"author":7,"featured_media":0,"parent":19250,"menu_order":0,"comment_status":"closed","ping_status":"closed","template":"","meta":{"_acf_changed":false,"footnotes":""},"class_list":["post-20043","page","type-page","status-publish","hentry"],"acf":[],"yoast_head":"<!-- This site is optimized with the Yoast SEO Premium plugin v23.1 (Yoast SEO v27.1.1) - https:\/\/yoast.com\/product\/yoast-seo-premium-wordpress\/ -->\n<title>Power supplementation | Retele Electrice<\/title>\n<meta name=\"description\" content=\"Request a power supplementation from your electricity distributor if you need to consume more electricity.\" \/>\n<meta name=\"robots\" content=\"index, follow, max-snippet:-1, max-image-preview:large, max-video-preview:-1\" \/>\n<link rel=\"canonical\" href=\"https:\/\/www-preprod.reteleelectrice.ro\/en\/connection-to-the-grid\/power-supplementation\/\" \/>\n<meta property=\"og:locale\" content=\"en_US\" \/>\n<meta property=\"og:type\" content=\"article\" \/>\n<meta property=\"og:title\" content=\"Power supplementation | Re\u021bele Electrice\" \/>\n<meta property=\"og:description\" content=\"Request a power supplementation from your electricity distributor if you need to consume more electricity.\" \/>\n<meta property=\"og:url\" content=\"https:\/\/www-preprod.reteleelectrice.ro\/en\/connection-to-the-grid\/power-supplementation\/\" \/>\n<meta property=\"og:site_name\" content=\"reteleelectrice\" \/>\n<meta property=\"article:modified_time\" content=\"2025-10-10T13:19:30+00:00\" \/>\n<meta property=\"og:image\" content=\"https:\/\/www-preprod.reteleelectrice.ro\/wp-content\/uploads\/solicita-un-spor-de-putere-pentru-un-consum-crescut-de-energie_5f2b9a.webp\" \/>\n\t<meta property=\"og:image:width\" content=\"920\" \/>\n\t<meta property=\"og:image:height\" content=\"400\" \/>\n\t<meta property=\"og:image:type\" content=\"image\/webp\" \/>\n<meta name=\"twitter:card\" content=\"summary_large_image\" \/>\n<meta name=\"twitter:title\" content=\"Power supplementation | Re\u021bele Electrice\" \/>\n<meta name=\"twitter:description\" content=\"Request a power supplementation from your electricity distributor if you need to consume more electricity.\" \/>\n<meta name=\"twitter:label1\" content=\"Est. reading time\" \/>\n\t<meta name=\"twitter:data1\" content=\"1 minute\" \/>\n<script type=\"application\/ld+json\" class=\"yoast-schema-graph\">{\"@context\":\"https:\/\/schema.org\",\"@graph\":[{\"@type\":\"WebPage\",\"@id\":\"https:\/\/www-preprod.reteleelectrice.ro\/en\/connection-to-the-grid\/power-supplementation\/\",\"url\":\"https:\/\/www-preprod.reteleelectrice.ro\/en\/connection-to-the-grid\/power-supplementation\/\",\"name\":\"Power supplementation | Retele Electrice\",\"isPartOf\":{\"@id\":\"https:\/\/www-preprod.reteleelectrice.ro\/#website\"},\"datePublished\":\"2024-11-14T21:56:31+00:00\",\"dateModified\":\"2025-10-10T13:19:30+00:00\",\"description\":\"Request a power supplementation from your electricity distributor if you need to consume more electricity.\",\"breadcrumb\":{\"@id\":\"https:\/\/www-preprod.reteleelectrice.ro\/en\/connection-to-the-grid\/power-supplementation\/#breadcrumb\"},\"inLanguage\":\"en-US\",\"potentialAction\":[{\"@type\":\"ReadAction\",\"target\":[\"https:\/\/www-preprod.reteleelectrice.ro\/en\/connection-to-the-grid\/power-supplementation\/\"]}]},{\"@type\":\"BreadcrumbList\",\"@id\":\"https:\/\/www-preprod.reteleelectrice.ro\/en\/connection-to-the-grid\/power-supplementation\/#breadcrumb\",\"itemListElement\":[{\"@type\":\"ListItem\",\"position\":1,\"name\":\"Home\",\"item\":\"https:\/\/www-preprod.reteleelectrice.ro\/en\/\"},{\"@type\":\"ListItem\",\"position\":2,\"name\":\"Connection to the power grid\",\"item\":\"https:\/\/www-preprod.reteleelectrice.ro\/en\/connection-to-the-grid\/\"},{\"@type\":\"ListItem\",\"position\":3,\"name\":\"Power supplementation\"}]},{\"@type\":\"WebSite\",\"@id\":\"https:\/\/www-preprod.reteleelectrice.ro\/#website\",\"url\":\"https:\/\/www-preprod.reteleelectrice.ro\/\",\"name\":\"reteleelectrice\",\"description\":\"\",\"potentialAction\":[{\"@type\":\"SearchAction\",\"target\":{\"@type\":\"EntryPoint\",\"urlTemplate\":\"https:\/\/www-preprod.reteleelectrice.ro\/?s={search_term_string}\"},\"query-input\":{\"@type\":\"PropertyValueSpecification\",\"valueRequired\":true,\"valueName\":\"search_term_string\"}}],\"inLanguage\":\"en-US\"}]}<\/script>\n<!-- \/ Yoast SEO Premium plugin. -->","yoast_head_json":{"title":"Power supplementation | Retele Electrice","description":"Request a power supplementation from your electricity distributor if you need to consume more electricity.","robots":{"index":"index","follow":"follow","max-snippet":"max-snippet:-1","max-image-preview":"max-image-preview:large","max-video-preview":"max-video-preview:-1"},"canonical":"https:\/\/www-preprod.reteleelectrice.ro\/en\/connection-to-the-grid\/power-supplementation\/","og_locale":"en_US","og_type":"article","og_title":"Power supplementation | Re\u021bele Electrice","og_description":"Request a power supplementation from your electricity distributor if you need to consume more electricity.","og_url":"https:\/\/www-preprod.reteleelectrice.ro\/en\/connection-to-the-grid\/power-supplementation\/","og_site_name":"reteleelectrice","article_modified_time":"2025-10-10T13:19:30+00:00","og_image":[{"width":920,"height":400,"url":"https:\/\/www-preprod.reteleelectrice.ro\/wp-content\/uploads\/solicita-un-spor-de-putere-pentru-un-consum-crescut-de-energie_5f2b9a.webp","type":"image\/webp"}],"twitter_card":"summary_large_image","twitter_title":"Power supplementation | Re\u021bele Electrice","twitter_description":"Request a power supplementation from your electricity distributor if you need to consume more electricity.","twitter_misc":{"Est. reading time":"1 minute"},"schema":{"@context":"https:\/\/schema.org","@graph":[{"@type":"WebPage","@id":"https:\/\/www-preprod.reteleelectrice.ro\/en\/connection-to-the-grid\/power-supplementation\/","url":"https:\/\/www-preprod.reteleelectrice.ro\/en\/connection-to-the-grid\/power-supplementation\/","name":"Power supplementation | Retele Electrice","isPartOf":{"@id":"https:\/\/www-preprod.reteleelectrice.ro\/#website"},"datePublished":"2024-11-14T21:56:31+00:00","dateModified":"2025-10-10T13:19:30+00:00","description":"Request a power supplementation from your electricity distributor if you need to consume more electricity.","breadcrumb":{"@id":"https:\/\/www-preprod.reteleelectrice.ro\/en\/connection-to-the-grid\/power-supplementation\/#breadcrumb"},"inLanguage":"en-US","potentialAction":[{"@type":"ReadAction","target":["https:\/\/www-preprod.reteleelectrice.ro\/en\/connection-to-the-grid\/power-supplementation\/"]}]},{"@type":"BreadcrumbList","@id":"https:\/\/www-preprod.reteleelectrice.ro\/en\/connection-to-the-grid\/power-supplementation\/#breadcrumb","itemListElement":[{"@type":"ListItem","position":1,"name":"Home","item":"https:\/\/www-preprod.reteleelectrice.ro\/en\/"},{"@type":"ListItem","position":2,"name":"Connection to the power grid","item":"https:\/\/www-preprod.reteleelectrice.ro\/en\/connection-to-the-grid\/"},{"@type":"ListItem","position":3,"name":"Power supplementation"}]},{"@type":"WebSite","@id":"https:\/\/www-preprod.reteleelectrice.ro\/#website","url":"https:\/\/www-preprod.reteleelectrice.ro\/","name":"reteleelectrice","description":"","potentialAction":[{"@type":"SearchAction","target":{"@type":"EntryPoint","urlTemplate":"https:\/\/www-preprod.reteleelectrice.ro\/?s={search_term_string}"},"query-input":{"@type":"PropertyValueSpecification","valueRequired":true,"valueName":"search_term_string"}}],"inLanguage":"en-US"}]}},"jetpack_sharing_enabled":true,"_links":{"self":[{"href":"https:\/\/www-preprod.reteleelectrice.ro\/en\/wp-json\/wp\/v2\/pages\/20043","targetHints":{"allow":["GET"]}}],"collection":[{"href":"https:\/\/www-preprod.reteleelectrice.ro\/en\/wp-json\/wp\/v2\/pages"}],"about":[{"href":"https:\/\/www-preprod.reteleelectrice.ro\/en\/wp-json\/wp\/v2\/types\/page"}],"author":[{"embeddable":true,"href":"https:\/\/www-preprod.reteleelectrice.ro\/en\/wp-json\/wp\/v2\/users\/7"}],"replies":[{"embeddable":true,"href":"https:\/\/www-preprod.reteleelectrice.ro\/en\/wp-json\/wp\/v2\/comments?post=20043"}],"version-history":[{"count":13,"href":"https:\/\/www-preprod.reteleelectrice.ro\/en\/wp-json\/wp\/v2\/pages\/20043\/revisions"}],"predecessor-version":[{"id":23754,"href":"https:\/\/www-preprod.reteleelectrice.ro\/en\/wp-json\/wp\/v2\/pages\/20043\/revisions\/23754"}],"up":[{"embeddable":true,"href":"https:\/\/www-preprod.reteleelectrice.ro\/en\/wp-json\/wp\/v2\/pages\/19250"}],"wp:attachment":[{"href":"https:\/\/www-preprod.reteleelectrice.ro\/en\/wp-json\/wp\/v2\/media?parent=20043"}],"curies":[{"name":"wp","href":"https:\/\/api.w.org\/{rel}","templated":true}]}}