{"id":18816,"date":"2024-10-30T14:22:06","date_gmt":"2024-10-30T14:22:06","guid":{"rendered":"https:\/\/www-preprod.reteleelectrice.ro\/clienti\/dezvoltatori\/"},"modified":"2025-09-18T07:18:58","modified_gmt":"2025-09-18T07:18:58","slug":"developers","status":"publish","type":"page","link":"https:\/\/www-preprod.reteleelectrice.ro\/en\/clients\/developers\/","title":{"rendered":"Developers"},"content":{"rendered":"<body><p><!--  ADD patern code from wp code editor --><\/p>\n\n    <section id=\"\" class=\"block-hero\">\n                    <div class=\"top-hero\">\n                <div class=\"left\">\n                                                                                    <h1 class=\"title-hero\">Developers<\/h1>\n                                                                <div class=\"text-hero\"> Discover the services we offer to developers and how to benefit from them \u2013 whether you are a developer of residential complexes, business buildings, or commercial centers.<\/div>\n                                                        <\/div>\n                        <div class=\"right\">\n                <img loading=\"lazy\" decoding=\"async\" width=\"920\" height=\"400\" src=\"https:\/\/www-preprod.reteleelectrice.ro\/wp-content\/uploads\/dezvoltatori_019e4c.webp?w=920&amp;h=400&amp;crop=1\" class=\"attachment-hero size-hero\" alt=\"Complex reziden\u021bial modern.\" srcset=\"https:\/\/www-preprod.reteleelectrice.ro\/wp-content\/uploads\/dezvoltatori_019e4c.webp 920w, https:\/\/www-preprod.reteleelectrice.ro\/wp-content\/uploads\/dezvoltatori_019e4c.webp?resize=300,130 300w, https:\/\/www-preprod.reteleelectrice.ro\/wp-content\/uploads\/dezvoltatori_019e4c.webp?resize=768,334 768w, https:\/\/www-preprod.reteleelectrice.ro\/wp-content\/uploads\/dezvoltatori_019e4c.webp?resize=152,66 152w\" sizes=\"auto, (max-width: 920px) 100vw, 920px\">                <style type=\"text\/css\">\n                    @media only screen and (max-width: 1200px) {\n                        .block-hero .top-hero .main-slide .right img {\n                            object-position:\n                                                            % 0%;\n                        }\n                    }\n                <\/style>\n            <\/div>\n        <\/div>\n    <\/section>\n\n\n<section id=\"\" class=\"block-breadcrumbs\">\n    <ul id=\"breadcrumbs\" itemprop=\"breadcrumb\" class=\"breadcrumbs\"><li><a rel=\"home\" href=\"https:\/\/www-preprod.reteleelectrice.ro\/en\/\"><\/a><\/li><\/ul><\/section>\n\n    <section id=\"\" class=\"block-cardimage per-row-three\">\n                    <div class=\"card-image\">\n                <div class=\"image-cards\">\n                                        <img loading=\"lazy\" decoding=\"async\" width=\"400\" height=\"150\" src=\"https:\/\/www-preprod.reteleelectrice.ro\/wp-content\/uploads\/cum-devii-prosumator-si-ce-trebuie-sa-faci-pentru-racordarea-la-retea.webp?w=400&amp;h=150&amp;crop=1\" class=\"attachment-cardsthree size-cardsthree\" alt=\"B\u0103rbat \u00eentr-un spa\u021biu luminos care folose\u0219te un laptop pentru a accesa informa\u021bii despre prosumatori.\">                <\/div>\n                <div class=\"text-container-cards\">\n                                            <div class=\"title-text\">\n                                                            <h3 class=\"title-cards\">\n                                    Connection to the power grid                                <\/h3>\n                                                                                        <div class=\"text-cards\">\n                                    Find out how to connect the development you are building to the power grid: what documents are required, the steps you need to follow, and the response timelines.                                <\/div>\n                                                    <\/div>\n                                                                <a class=\"global-button global-button-transparent button-arrow-transparent\" href=\"https:\/\/www-preprod.reteleelectrice.ro\/en\/connection-to-the-grid\/developer\" title=\"Learn more \" target=\"_self\">\n                               Learn more                         <\/a> \n                                        <\/div>\n            <\/div>\n                    <div class=\"card-image\">\n                <div class=\"image-cards\">\n                                        <img loading=\"lazy\" decoding=\"async\" width=\"392\" height=\"150\" src=\"https:\/\/www-preprod.reteleelectrice.ro\/wp-content\/uploads\/acordarea-compensatiilor.webp?w=392&amp;h=150&amp;crop=1\" class=\"attachment-cardsthree size-cardsthree\" alt=\"B\u0103rbat care lucreaz\u0103 de acas\u0103, \u00eentr-un living modern.\" srcset=\"https:\/\/www-preprod.reteleelectrice.ro\/wp-content\/uploads\/acordarea-compensatiilor.webp 392w, https:\/\/www-preprod.reteleelectrice.ro\/wp-content\/uploads\/acordarea-compensatiilor.webp?resize=300,115 300w, https:\/\/www-preprod.reteleelectrice.ro\/wp-content\/uploads\/acordarea-compensatiilor.webp?resize=172,66 172w\" sizes=\"auto, (max-width: 392px) 100vw, 392px\">                <\/div>\n                <div class=\"text-container-cards\">\n                                            <div class=\"title-text\">\n                                                            <h3 class=\"title-cards\">\n                                    Compensation grants                                <\/h3>\n                                                                                        <div class=\"text-cards\">\n                                    Find out what compensations you are entitled to as a developer if we do not meet the indicators from the performance standard!                                <\/div>\n                                                    <\/div>\n                                                                <a class=\"global-button global-button-transparent button-arrow-transparent\" href=\"https:\/\/www-preprod.reteleelectrice.ro\/en\/information\/performance-standard\/compensations\" title=\"Learn more \" target=\"_self\">\n                               Learn more                         <\/a> \n                                        <\/div>\n            <\/div>\n                    <div class=\"card-image\">\n                <div class=\"image-cards\">\n                                        <img loading=\"lazy\" decoding=\"async\" width=\"392\" height=\"150\" src=\"https:\/\/www-preprod.reteleelectrice.ro\/wp-content\/uploads\/legislatie-si-proceduri_7e4c43.webp?w=392&amp;h=150&amp;crop=1\" class=\"attachment-cardsthree size-cardsthree\" alt=\"Semnare contract \u00eentr-un mediu de afaceri.\" srcset=\"https:\/\/www-preprod.reteleelectrice.ro\/wp-content\/uploads\/legislatie-si-proceduri_7e4c43.webp 392w, https:\/\/www-preprod.reteleelectrice.ro\/wp-content\/uploads\/legislatie-si-proceduri_7e4c43.webp?resize=300,115 300w, https:\/\/www-preprod.reteleelectrice.ro\/wp-content\/uploads\/legislatie-si-proceduri_7e4c43.webp?resize=172,66 172w\" sizes=\"auto, (max-width: 392px) 100vw, 392px\">                <\/div>\n                <div class=\"text-container-cards\">\n                                            <div class=\"title-text\">\n                                                            <h3 class=\"title-cards\">\n                                    Legislation and procedures                                <\/h3>\n                                                                                        <div class=\"text-cards\">\n                                    Our activity as a distribution operator is regulated by the competent authorities as well as by internal procedures. Learn more by reading the legislation that underpins our services.                                <\/div>\n                                                    <\/div>\n                                                                <a class=\"global-button global-button-transparent button-arrow-transparent\" href=\"https:\/\/www-preprod.reteleelectrice.ro\/en\/information\/law-procedures\" title=\"Learn more \" target=\"_self\">\n                               Learn more                         <\/a> \n                                        <\/div>\n            <\/div>\n            <\/section>\n<\/body>","protected":false},"excerpt":{"rendered":"<p>Discover the services we offer to developers and how to benefit from them\u2014whether you are a developer of residential complexes, business buildings, or commercial centers.<\/p>\n","protected":false},"author":15,"featured_media":0,"parent":18800,"menu_order":0,"comment_status":"closed","ping_status":"closed","template":"","meta":{"_acf_changed":false,"footnotes":""},"class_list":["post-18816","page","type-page","status-publish","hentry"],"acf":[],"yoast_head":"<!-- This site is optimized with the Yoast SEO Premium plugin v23.1 (Yoast SEO v27.1.1) - https:\/\/yoast.com\/product\/yoast-seo-premium-wordpress\/ -->\n<title>Developers | Retele Electrice<\/title>\n<meta name=\"description\" content=\"Find out what services we offer to developers and how to benefit from them.\" \/>\n<meta name=\"robots\" content=\"index, follow, max-snippet:-1, max-image-preview:large, max-video-preview:-1\" \/>\n<link rel=\"canonical\" href=\"https:\/\/www-preprod.reteleelectrice.ro\/en\/clients\/developers\/\" \/>\n<meta property=\"og:locale\" content=\"en_US\" \/>\n<meta property=\"og:type\" content=\"article\" \/>\n<meta property=\"og:title\" content=\"Developers | Re\u021bele Electrice\" \/>\n<meta property=\"og:description\" content=\"Find out what services we offer to developers and how to benefit from them.\" \/>\n<meta property=\"og:url\" content=\"https:\/\/www-preprod.reteleelectrice.ro\/en\/clients\/developers\/\" \/>\n<meta property=\"og:site_name\" content=\"reteleelectrice\" \/>\n<meta property=\"article:modified_time\" content=\"2025-09-18T07:18:58+00:00\" \/>\n<meta property=\"og:image\" content=\"https:\/\/www-preprod.reteleelectrice.ro\/wp-content\/uploads\/dezvoltatori_019e4c.webp\" \/>\n\t<meta property=\"og:image:width\" content=\"920\" \/>\n\t<meta property=\"og:image:height\" content=\"400\" \/>\n\t<meta property=\"og:image:type\" content=\"image\/webp\" \/>\n<meta name=\"twitter:card\" content=\"summary_large_image\" \/>\n<meta name=\"twitter:title\" content=\"Developers | Re\u021bele Electrice\" \/>\n<meta name=\"twitter:description\" content=\"Find out what services we offer to developers and how to benefit from them.\" \/>\n<script type=\"application\/ld+json\" class=\"yoast-schema-graph\">{\"@context\":\"https:\/\/schema.org\",\"@graph\":[{\"@type\":\"WebPage\",\"@id\":\"https:\/\/www-preprod.reteleelectrice.ro\/en\/clients\/developers\/\",\"url\":\"https:\/\/www-preprod.reteleelectrice.ro\/en\/clients\/developers\/\",\"name\":\"Developers | Retele Electrice\",\"isPartOf\":{\"@id\":\"https:\/\/www-preprod.reteleelectrice.ro\/#website\"},\"datePublished\":\"2024-10-30T14:22:06+00:00\",\"dateModified\":\"2025-09-18T07:18:58+00:00\",\"description\":\"Find out what services we offer to developers and how to benefit from them.\",\"breadcrumb\":{\"@id\":\"https:\/\/www-preprod.reteleelectrice.ro\/en\/clients\/developers\/#breadcrumb\"},\"inLanguage\":\"en-US\",\"potentialAction\":[{\"@type\":\"ReadAction\",\"target\":[\"https:\/\/www-preprod.reteleelectrice.ro\/en\/clients\/developers\/\"]}]},{\"@type\":\"BreadcrumbList\",\"@id\":\"https:\/\/www-preprod.reteleelectrice.ro\/en\/clients\/developers\/#breadcrumb\",\"itemListElement\":[{\"@type\":\"ListItem\",\"position\":1,\"name\":\"Home\",\"item\":\"https:\/\/www-preprod.reteleelectrice.ro\/en\/\"},{\"@type\":\"ListItem\",\"position\":2,\"name\":\"Our clients\",\"item\":\"https:\/\/www-preprod.reteleelectrice.ro\/en\/clients\/\"},{\"@type\":\"ListItem\",\"position\":3,\"name\":\"Developers\"}]},{\"@type\":\"WebSite\",\"@id\":\"https:\/\/www-preprod.reteleelectrice.ro\/#website\",\"url\":\"https:\/\/www-preprod.reteleelectrice.ro\/\",\"name\":\"reteleelectrice\",\"description\":\"\",\"potentialAction\":[{\"@type\":\"SearchAction\",\"target\":{\"@type\":\"EntryPoint\",\"urlTemplate\":\"https:\/\/www-preprod.reteleelectrice.ro\/?s={search_term_string}\"},\"query-input\":{\"@type\":\"PropertyValueSpecification\",\"valueRequired\":true,\"valueName\":\"search_term_string\"}}],\"inLanguage\":\"en-US\"}]}<\/script>\n<!-- \/ Yoast SEO Premium plugin. -->","yoast_head_json":{"title":"Developers | Retele Electrice","description":"Find out what services we offer to developers and how to benefit from them.","robots":{"index":"index","follow":"follow","max-snippet":"max-snippet:-1","max-image-preview":"max-image-preview:large","max-video-preview":"max-video-preview:-1"},"canonical":"https:\/\/www-preprod.reteleelectrice.ro\/en\/clients\/developers\/","og_locale":"en_US","og_type":"article","og_title":"Developers | Re\u021bele Electrice","og_description":"Find out what services we offer to developers and how to benefit from them.","og_url":"https:\/\/www-preprod.reteleelectrice.ro\/en\/clients\/developers\/","og_site_name":"reteleelectrice","article_modified_time":"2025-09-18T07:18:58+00:00","og_image":[{"width":920,"height":400,"url":"https:\/\/www-preprod.reteleelectrice.ro\/wp-content\/uploads\/dezvoltatori_019e4c.webp","type":"image\/webp"}],"twitter_card":"summary_large_image","twitter_title":"Developers | Re\u021bele Electrice","twitter_description":"Find out what services we offer to developers and how to benefit from them.","schema":{"@context":"https:\/\/schema.org","@graph":[{"@type":"WebPage","@id":"https:\/\/www-preprod.reteleelectrice.ro\/en\/clients\/developers\/","url":"https:\/\/www-preprod.reteleelectrice.ro\/en\/clients\/developers\/","name":"Developers | Retele Electrice","isPartOf":{"@id":"https:\/\/www-preprod.reteleelectrice.ro\/#website"},"datePublished":"2024-10-30T14:22:06+00:00","dateModified":"2025-09-18T07:18:58+00:00","description":"Find out what services we offer to developers and how to benefit from them.","breadcrumb":{"@id":"https:\/\/www-preprod.reteleelectrice.ro\/en\/clients\/developers\/#breadcrumb"},"inLanguage":"en-US","potentialAction":[{"@type":"ReadAction","target":["https:\/\/www-preprod.reteleelectrice.ro\/en\/clients\/developers\/"]}]},{"@type":"BreadcrumbList","@id":"https:\/\/www-preprod.reteleelectrice.ro\/en\/clients\/developers\/#breadcrumb","itemListElement":[{"@type":"ListItem","position":1,"name":"Home","item":"https:\/\/www-preprod.reteleelectrice.ro\/en\/"},{"@type":"ListItem","position":2,"name":"Our clients","item":"https:\/\/www-preprod.reteleelectrice.ro\/en\/clients\/"},{"@type":"ListItem","position":3,"name":"Developers"}]},{"@type":"WebSite","@id":"https:\/\/www-preprod.reteleelectrice.ro\/#website","url":"https:\/\/www-preprod.reteleelectrice.ro\/","name":"reteleelectrice","description":"","potentialAction":[{"@type":"SearchAction","target":{"@type":"EntryPoint","urlTemplate":"https:\/\/www-preprod.reteleelectrice.ro\/?s={search_term_string}"},"query-input":{"@type":"PropertyValueSpecification","valueRequired":true,"valueName":"search_term_string"}}],"inLanguage":"en-US"}]}},"jetpack_sharing_enabled":true,"_links":{"self":[{"href":"https:\/\/www-preprod.reteleelectrice.ro\/en\/wp-json\/wp\/v2\/pages\/18816","targetHints":{"allow":["GET"]}}],"collection":[{"href":"https:\/\/www-preprod.reteleelectrice.ro\/en\/wp-json\/wp\/v2\/pages"}],"about":[{"href":"https:\/\/www-preprod.reteleelectrice.ro\/en\/wp-json\/wp\/v2\/types\/page"}],"author":[{"embeddable":true,"href":"https:\/\/www-preprod.reteleelectrice.ro\/en\/wp-json\/wp\/v2\/users\/15"}],"replies":[{"embeddable":true,"href":"https:\/\/www-preprod.reteleelectrice.ro\/en\/wp-json\/wp\/v2\/comments?post=18816"}],"version-history":[{"count":5,"href":"https:\/\/www-preprod.reteleelectrice.ro\/en\/wp-json\/wp\/v2\/pages\/18816\/revisions"}],"predecessor-version":[{"id":22885,"href":"https:\/\/www-preprod.reteleelectrice.ro\/en\/wp-json\/wp\/v2\/pages\/18816\/revisions\/22885"}],"up":[{"embeddable":true,"href":"https:\/\/www-preprod.reteleelectrice.ro\/en\/wp-json\/wp\/v2\/pages\/18800"}],"wp:attachment":[{"href":"https:\/\/www-preprod.reteleelectrice.ro\/en\/wp-json\/wp\/v2\/media?parent=18816"}],"curies":[{"name":"wp","href":"https:\/\/api.w.org\/{rel}","templated":true}]}}